{"id":25681,"date":"2021-11-10T08:30:03","date_gmt":"2021-11-10T08:30:03","guid":{"rendered":"https:\/\/keenitsolutions.com\/products\/wordpress\/bizup\/?page_id=25681"},"modified":"2022-11-04T17:36:27","modified_gmt":"2022-11-04T16:36:27","slug":"savoir-faire","status":"publish","type":"page","link":"https:\/\/holdingbci.com\/index.php\/savoir-faire\/","title":{"rendered":"SAVOIR-FAIRE"},"content":{"rendered":"\t\t<div data-elementor-type=\"wp-page\" data-elementor-id=\"25681\" class=\"elementor elementor-25681\">\n\t\t\t\t\t\t\t\t\t<section class=\"elementor-section elementor-top-section elementor-element elementor-element-6960d79 elementor-section-items-top elementor-section-height-min-height elementor-hidden-mobile elementor-section-content-top elementor-section-boxed elementor-section-height-default\" data-id=\"6960d79\" data-element_type=\"section\" data-settings=\"{&quot;animation&quot;:&quot;none&quot;,&quot;background_background&quot;:&quot;classic&quot;}\">\n\t\t\t\t\t\t<div class=\"elementor-container elementor-column-gap-default\">\n\t\t\t\t\t<div class=\"elementor-column elementor-col-100 elementor-top-column elementor-element elementor-element-439bf57\" data-id=\"439bf57\" data-element_type=\"column\">\n\t\t\t<div class=\"elementor-widget-wrap elementor-element-populated\">\n\t\t\t\t\t\t\t\t<div class=\"elementor-element elementor-element-82257a3 elementor-widget elementor-widget-heading\" data-id=\"82257a3\" data-element_type=\"widget\" data-widget_type=\"heading.default\">\n\t\t\t\t<div class=\"elementor-widget-container\">\n\t\t\t<style>\/*! elementor - v3.8.0 - 30-10-2022 *\/\n.elementor-heading-title{padding:0;margin:0;line-height:1}.elementor-widget-heading .elementor-heading-title[class*=elementor-size-]>a{color:inherit;font-size:inherit;line-height:inherit}.elementor-widget-heading .elementor-heading-title.elementor-size-small{font-size:15px}.elementor-widget-heading .elementor-heading-title.elementor-size-medium{font-size:19px}.elementor-widget-heading .elementor-heading-title.elementor-size-large{font-size:29px}.elementor-widget-heading .elementor-heading-title.elementor-size-xl{font-size:39px}.elementor-widget-heading .elementor-heading-title.elementor-size-xxl{font-size:59px}<\/style><h2 class=\"elementor-heading-title elementor-size-default\"><span data-elementor-setting-key=\"title\" data-pen-placeholder=\"\u00c9crivez ici...\" style=\"clear: both;\">Le groupe HBCI est sp\u00e9cialis\u00e9 en investissement immobilier.<br>\nNos champs d'intervention sont les suivants : <\/span><\/h2>\t\t<\/div>\n\t\t\t\t<\/div>\n\t\t\t\t<div class=\"elementor-element elementor-element-d6fdbfe animated-slow elementor-widget elementor-widget-rs-heading\" data-id=\"d6fdbfe\" data-element_type=\"widget\" data-settings=\"{&quot;_animation&quot;:&quot;none&quot;}\" data-widget_type=\"rs-heading.default\">\n\t\t\t\t<div class=\"elementor-widget-container\">\n\t\t\t\n        <div class=\"prelements-heading default animate- \">\n        \t<div class=\"title-inner\"> \n\t        \t       \t\t      \t\t\n\t            <span class=\"sub-text \">Acquisition d'actif libre ou mur et fond, \u00e0 Paris <\/span>\t\t\t\t\n\t\t\t\t\t        <\/div>\n\t                    \t<div class=\"description\">\n            \t\t            \t\t<ul><li>Les murs de boutiques<\/li><li>Les immeubles de bureaux<\/li><li>Les immeubles mixtes<\/li><li>Les immeubles de logements<\/li><li>Hotels \u00e0 restructurer (1-4*)<\/li><li>Lots de copropri\u00e9t\u00e9 \u00e0 usage de bureaux<\/li><li>Lot de copropri\u00e9t\u00e9 d'habitation d'exception<\/li><li>Les entrep\u00f4ts et Locaux d'activit\u00e9s<\/li><\/ul>  \n            \t<\/div>\n        \t        <\/div>\n        \t\t<\/div>\n\t\t\t\t<\/div>\n\t\t\t\t<div class=\"elementor-element elementor-element-2093a3a animated-slow elementor-widget elementor-widget-rs-heading\" data-id=\"2093a3a\" data-element_type=\"widget\" data-settings=\"{&quot;_animation&quot;:&quot;none&quot;}\" data-widget_type=\"rs-heading.default\">\n\t\t\t\t<div class=\"elementor-widget-container\">\n\t\t\t\n        <div class=\"prelements-heading default animate- \">\n        \t<div class=\"title-inner\"> \n\t        \t       \t\t      \t\t\n\t            <span class=\"sub-text \">Acquisition d'actif occup\u00e9 depuis au moins 5 ans, en France (dont Paris)<\/span>\t\t\t\t\n\t\t\t\t\t        <\/div>\n\t                    \t<div class=\"description\">\n            \t\t            \t\t<ul><li>Les murs de boutiques<\/li><li>Les immeubles de bureaux<\/li><li>Les immeubles mixtes<\/li><li>Les immeubles de logements<\/li><li>Hotels (1-4*)<\/li><li>Lots de copropri\u00e9t\u00e9 \u00e0 usage de bureaux<\/li><li>Les entrep\u00f4ts et Locaux d'activit\u00e9s<\/li><\/ul>  \n            \t<\/div>\n        \t        <\/div>\n        \t\t<\/div>\n\t\t\t\t<\/div>\n\t\t\t\t<div class=\"elementor-element elementor-element-5c06c67 elementor-widget elementor-widget-heading\" data-id=\"5c06c67\" data-element_type=\"widget\" data-widget_type=\"heading.default\">\n\t\t\t\t<div class=\"elementor-widget-container\">\n\t\t\t<h2 class=\"elementor-heading-title elementor-size-default\">Notre structure priv\u00e9e permet d'op\u00e9rer tous types d'op\u00e9rations immobili\u00e8res avec r\u00e9activit\u00e9 et agilit\u00e9.<br>Toujours \u00e0 l'\u00e9coute des parties, nous d\u00e9ployons notre strat\u00e9gie d'investissement avec pour principal objectif de lier les int\u00e9r\u00eats&nbsp;communs.&nbsp;<br><\/h2>\t\t<\/div>\n\t\t\t\t<\/div>\n\t\t\t\t\t<\/div>\n\t\t<\/div>\n\t\t\t\t\t\t\t<\/div>\n\t\t<\/section>\n\t\t\t\t<section class=\"elementor-section elementor-top-section elementor-element elementor-element-aabacea elementor-hidden-mobile elementor-section-boxed elementor-section-height-default elementor-section-height-default\" data-id=\"aabacea\" data-element_type=\"section\">\n\t\t\t\t\t\t<div class=\"elementor-container elementor-column-gap-default\">\n\t\t\t\t\t<div class=\"elementor-column elementor-col-16 elementor-top-column elementor-element elementor-element-7d851df\" data-id=\"7d851df\" data-element_type=\"column\">\n\t\t\t<div class=\"elementor-widget-wrap elementor-element-populated\">\n\t\t\t\t\t\t\t\t<div class=\"elementor-element elementor-element-8af583a elementor-widget elementor-widget-text-editor\" data-id=\"8af583a\" data-element_type=\"widget\" data-widget_type=\"text-editor.default\">\n\t\t\t\t<div class=\"elementor-widget-container\">\n\t\t\t<style>\/*! elementor - v3.8.0 - 30-10-2022 *\/\n.elementor-widget-text-editor.elementor-drop-cap-view-stacked .elementor-drop-cap{background-color:#818a91;color:#fff}.elementor-widget-text-editor.elementor-drop-cap-view-framed .elementor-drop-cap{color:#818a91;border:3px solid;background-color:transparent}.elementor-widget-text-editor:not(.elementor-drop-cap-view-default) .elementor-drop-cap{margin-top:8px}.elementor-widget-text-editor:not(.elementor-drop-cap-view-default) .elementor-drop-cap-letter{width:1em;height:1em}.elementor-widget-text-editor .elementor-drop-cap{float:left;text-align:center;line-height:1;font-size:50px}.elementor-widget-text-editor .elementor-drop-cap-letter{display:inline-block}<\/style>\t\t\t\t<p><a href=\"mailto:contact@hbci.fr\"><span style=\"color: #000000;\">contact@hbci.fr<\/span><\/a><\/p>\t\t\t\t\t\t<\/div>\n\t\t\t\t<\/div>\n\t\t\t\t\t<\/div>\n\t\t<\/div>\n\t\t\t\t<div class=\"elementor-column elementor-col-16 elementor-top-column elementor-element elementor-element-c1f2fc2\" data-id=\"c1f2fc2\" data-element_type=\"column\">\n\t\t\t<div class=\"elementor-widget-wrap\">\n\t\t\t\t\t\t\t\t\t<\/div>\n\t\t<\/div>\n\t\t\t\t<div class=\"elementor-column elementor-col-16 elementor-top-column elementor-element elementor-element-55b16aa\" data-id=\"55b16aa\" data-element_type=\"column\">\n\t\t\t<div class=\"elementor-widget-wrap\">\n\t\t\t\t\t\t\t\t\t<\/div>\n\t\t<\/div>\n\t\t\t\t<div class=\"elementor-column elementor-col-16 elementor-top-column elementor-element elementor-element-c547a34\" data-id=\"c547a34\" data-element_type=\"column\">\n\t\t\t<div class=\"elementor-widget-wrap\">\n\t\t\t\t\t\t\t\t\t<\/div>\n\t\t<\/div>\n\t\t\t\t<div class=\"elementor-column elementor-col-16 elementor-top-column elementor-element elementor-element-a06417e\" data-id=\"a06417e\" data-element_type=\"column\">\n\t\t\t<div class=\"elementor-widget-wrap\">\n\t\t\t\t\t\t\t\t\t<\/div>\n\t\t<\/div>\n\t\t\t\t<div class=\"elementor-column elementor-col-16 elementor-top-column elementor-element elementor-element-3f81596\" data-id=\"3f81596\" data-element_type=\"column\">\n\t\t\t<div class=\"elementor-widget-wrap elementor-element-populated\">\n\t\t\t\t\t\t\t\t<div class=\"elementor-element elementor-element-937e36d elementor-widget elementor-widget-text-editor\" data-id=\"937e36d\" data-element_type=\"widget\" data-widget_type=\"text-editor.default\">\n\t\t\t\t<div class=\"elementor-widget-container\">\n\t\t\t\t\t\t\t<p>\u00a0 \u00a0 \u00a0 \u00a0<a href=\"http:\/\/&lt;a href=&quot;tel:+33624624251&quot;&gt;\" data-wplink-url-error=\"true\"><span style=\"color: #000000;\">+33(0)624 624 251<\/span><\/a><\/p>\t\t\t\t\t\t<\/div>\n\t\t\t\t<\/div>\n\t\t\t\t\t<\/div>\n\t\t<\/div>\n\t\t\t\t\t\t\t<\/div>\n\t\t<\/section>\n\t\t\t\t<section class=\"elementor-section elementor-top-section elementor-element elementor-element-2e63e66 elementor-section-items-bottom elementor-section-height-min-height elementor-hidden-desktop elementor-section-boxed elementor-section-height-default\" data-id=\"2e63e66\" data-element_type=\"section\" data-settings=\"{&quot;animation&quot;:&quot;none&quot;,&quot;background_background&quot;:&quot;classic&quot;}\">\n\t\t\t\t\t\t<div class=\"elementor-container elementor-column-gap-default\">\n\t\t\t\t\t<div class=\"elementor-column elementor-col-100 elementor-top-column elementor-element elementor-element-d4eb538\" data-id=\"d4eb538\" data-element_type=\"column\">\n\t\t\t<div class=\"elementor-widget-wrap elementor-element-populated\">\n\t\t\t\t\t\t\t\t<div class=\"elementor-element elementor-element-72f27e6 elementor-widget elementor-widget-heading\" data-id=\"72f27e6\" data-element_type=\"widget\" data-widget_type=\"heading.default\">\n\t\t\t\t<div class=\"elementor-widget-container\">\n\t\t\t<h2 class=\"elementor-heading-title elementor-size-default\">Le groupe HBCI est sp\u00e9cialis\u00e9 en investissement immobilier.<\/h2>\t\t<\/div>\n\t\t\t\t<\/div>\n\t\t\t\t<div class=\"elementor-element elementor-element-90877ab elementor-hidden-mobile elementor-widget elementor-widget-heading\" data-id=\"90877ab\" data-element_type=\"widget\" data-widget_type=\"heading.default\">\n\t\t\t\t<div class=\"elementor-widget-container\">\n\t\t\t<h2 class=\"elementor-heading-title elementor-size-default\">Nos champs d'intervention\u00a0sont les suivants :<\/h2>\t\t<\/div>\n\t\t\t\t<\/div>\n\t\t\t\t<div class=\"elementor-element elementor-element-0cc94e8 animated-slow elementor-widget elementor-widget-rs-heading\" data-id=\"0cc94e8\" data-element_type=\"widget\" data-settings=\"{&quot;_animation&quot;:&quot;none&quot;}\" data-widget_type=\"rs-heading.default\">\n\t\t\t\t<div class=\"elementor-widget-container\">\n\t\t\t\n        <div class=\"prelements-heading default animate- \">\n        \t<div class=\"title-inner\"> \n\t        \t       \t\t      \t\t\n\t            <span class=\"sub-text \">Acquisition d'actif libre ou mur et fond, \u00e0 Paris <\/span>\t\t\t\t\n\t\t\t\t\t        <\/div>\n\t                    \t<div class=\"description\">\n            \t\t            \t\t<ul><li>Les murs de boutiques<\/li><li>Les immeubles de bureaux<\/li><li>Les immeubles mixtes<\/li><li>Les immeubles de logements<\/li><li>Hotels \u00e0 restructurer (1-4*)<\/li><li>Lots de copropri\u00e9t\u00e9 \u00e0 usage de bureaux<\/li><li>Lot de copropri\u00e9t\u00e9 d'habitation d'exception<\/li><li>Les entrep\u00f4ts et Locaux d'activit\u00e9s<\/li><\/ul>  \n            \t<\/div>\n        \t        <\/div>\n        \t\t<\/div>\n\t\t\t\t<\/div>\n\t\t\t\t<div class=\"elementor-element elementor-element-1ff7f7d animated-slow elementor-widget elementor-widget-rs-heading\" data-id=\"1ff7f7d\" data-element_type=\"widget\" data-settings=\"{&quot;_animation&quot;:&quot;none&quot;}\" data-widget_type=\"rs-heading.default\">\n\t\t\t\t<div class=\"elementor-widget-container\">\n\t\t\t\n        <div class=\"prelements-heading default animate- \">\n        \t<div class=\"title-inner\"> \n\t        \t       \t\t      \t\t\n\t            <span class=\"sub-text \">Acquisition d'actif occup\u00e9 depuis au moins 5 ans, en France (dont Paris)<\/span>\t\t\t\t\n\t\t\t\t\t        <\/div>\n\t                    \t<div class=\"description\">\n            \t\t            \t\t<ul><li>Les murs de boutiques<\/li><li>Les immeubles de bureaux<\/li><li>Les immeubles mixtes<\/li><li>Les immeubles de logements<\/li><li>Hotels (1-4*)<\/li><li>Lots de copropri\u00e9t\u00e9 \u00e0 usage de bureaux<\/li><li>Les entrep\u00f4ts et Locaux d'activit\u00e9s<\/li><\/ul>  \n            \t<\/div>\n        \t        <\/div>\n        \t\t<\/div>\n\t\t\t\t<\/div>\n\t\t\t\t<div class=\"elementor-element elementor-element-2f7266c elementor-widget elementor-widget-heading\" data-id=\"2f7266c\" data-element_type=\"widget\" data-widget_type=\"heading.default\">\n\t\t\t\t<div class=\"elementor-widget-container\">\n\t\t\t<h2 class=\"elementor-heading-title elementor-size-default\">Notre structure priv\u00e9e permet d'op\u00e9rer tous types d'op\u00e9rations immobili\u00e8res avec r\u00e9activit\u00e9 et agilit\u00e9. <br>Toujours \u00e0 l'\u00e9coute des parties, nous d\u00e9ployons notre strat\u00e9gie d'investissement avec pour principal objectif de lier les int\u00e9r\u00eats communs.<\/h2>\t\t<\/div>\n\t\t\t\t<\/div>\n\t\t\t\t<div class=\"elementor-element elementor-element-85c17ee elementor-widget elementor-widget-spacer\" data-id=\"85c17ee\" data-element_type=\"widget\" data-widget_type=\"spacer.default\">\n\t\t\t\t<div class=\"elementor-widget-container\">\n\t\t\t<style>\/*! elementor - v3.8.0 - 30-10-2022 *\/\n.elementor-column .elementor-spacer-inner{height:var(--spacer-size)}.e-con{--container-widget-width:100%}.e-con-inner>.elementor-widget-spacer,.e-con>.elementor-widget-spacer{width:var(--container-widget-width,var(--spacer-size));-ms-flex-item-align:stretch;align-self:stretch;-ms-flex-negative:0;flex-shrink:0}.e-con-inner>.elementor-widget-spacer>.elementor-widget-container,.e-con-inner>.elementor-widget-spacer>.elementor-widget-container>.elementor-spacer,.e-con>.elementor-widget-spacer>.elementor-widget-container,.e-con>.elementor-widget-spacer>.elementor-widget-container>.elementor-spacer{height:100%}.e-con-inner>.elementor-widget-spacer>.elementor-widget-container>.elementor-spacer>.elementor-spacer-inner,.e-con>.elementor-widget-spacer>.elementor-widget-container>.elementor-spacer>.elementor-spacer-inner{height:var(--container-widget-height,var(--spacer-size))}<\/style>\t\t<div class=\"elementor-spacer\">\n\t\t\t<div class=\"elementor-spacer-inner\"><\/div>\n\t\t<\/div>\n\t\t\t\t<\/div>\n\t\t\t\t<\/div>\n\t\t\t\t\t<\/div>\n\t\t<\/div>\n\t\t\t\t\t\t\t<\/div>\n\t\t<\/section>\n\t\t\t\t<section class=\"elementor-section elementor-top-section elementor-element elementor-element-470734e elementor-section-boxed elementor-section-height-default elementor-section-height-default\" data-id=\"470734e\" data-element_type=\"section\">\n\t\t\t\t\t\t<div class=\"elementor-container elementor-column-gap-default\">\n\t\t\t\t\t<div class=\"elementor-column elementor-col-20 elementor-top-column elementor-element elementor-element-f5df4d3\" data-id=\"f5df4d3\" data-element_type=\"column\">\n\t\t\t<div class=\"elementor-widget-wrap elementor-element-populated\">\n\t\t\t\t\t\t\t\t<section class=\"elementor-section elementor-inner-section elementor-element elementor-element-3338492 elementor-section-boxed elementor-section-height-default elementor-section-height-default\" data-id=\"3338492\" data-element_type=\"section\">\n\t\t\t\t\t\t<div class=\"elementor-container elementor-column-gap-default\">\n\t\t\t\t\t<div class=\"elementor-column elementor-col-100 elementor-inner-column elementor-element elementor-element-39a29b1\" data-id=\"39a29b1\" data-element_type=\"column\">\n\t\t\t<div class=\"elementor-widget-wrap elementor-element-populated\">\n\t\t\t\t\t\t\t\t<div class=\"elementor-element elementor-element-7acc3bb elementor-hidden-desktop elementor-widget elementor-widget-text-editor\" data-id=\"7acc3bb\" data-element_type=\"widget\" data-widget_type=\"text-editor.default\">\n\t\t\t\t<div class=\"elementor-widget-container\">\n\t\t\t\t\t\t\t<p><span style=\"color: #000000;\"><a href=\"mailto:contact@hbci.fr\">contact@hbci.fr<\/a>\u00a0<\/span><span style=\"color: #000000;\">\u00a0 \u00a0 \u00a0 \u00a0 \u00a0 \u00a0 +33(0)624 624 251<\/span><\/p>\t\t\t\t\t\t<\/div>\n\t\t\t\t<\/div>\n\t\t\t\t\t<\/div>\n\t\t<\/div>\n\t\t\t\t\t\t\t<\/div>\n\t\t<\/section>\n\t\t\t\t\t<\/div>\n\t\t<\/div>\n\t\t\t\t<div class=\"elementor-column elementor-col-20 elementor-top-column elementor-element elementor-element-1fc11dc\" data-id=\"1fc11dc\" data-element_type=\"column\">\n\t\t\t<div class=\"elementor-widget-wrap\">\n\t\t\t\t\t\t\t\t\t<\/div>\n\t\t<\/div>\n\t\t\t\t<div class=\"elementor-column elementor-col-20 elementor-top-column elementor-element elementor-element-862daea\" data-id=\"862daea\" data-element_type=\"column\">\n\t\t\t<div class=\"elementor-widget-wrap\">\n\t\t\t\t\t\t\t\t\t<\/div>\n\t\t<\/div>\n\t\t\t\t<div class=\"elementor-column elementor-col-20 elementor-top-column elementor-element elementor-element-1f5a367\" data-id=\"1f5a367\" data-element_type=\"column\">\n\t\t\t<div class=\"elementor-widget-wrap\">\n\t\t\t\t\t\t\t\t\t<\/div>\n\t\t<\/div>\n\t\t\t\t<div class=\"elementor-column elementor-col-20 elementor-top-column elementor-element elementor-element-cf270db\" data-id=\"cf270db\" data-element_type=\"column\">\n\t\t\t<div class=\"elementor-widget-wrap\">\n\t\t\t\t\t\t\t\t\t<\/div>\n\t\t<\/div>\n\t\t\t\t\t\t\t<\/div>\n\t\t<\/section>\n\t\t\t\t\t\t\t<\/div>\n\t\t","protected":false},"excerpt":{"rendered":"<p>Le groupe HBCI est sp\u00e9cialis\u00e9 en investissement immobilier. Nos champs d&#8217;intervention sont les suivants : Acquisition d&#8217;actif libre ou mur et fond, \u00e0 Paris Les murs de boutiques Les immeubles de bureaux Les immeubles mixtes Les immeubles de logements Hotels \u00e0 restructurer (1-4*) Lots de copropri\u00e9t\u00e9 \u00e0 usage de bureaux Lot de copropri\u00e9t\u00e9 d&#8217;habitation d&#8217;exception&#8230;<\/p>\n","protected":false},"author":1,"featured_media":28795,"parent":0,"menu_order":0,"comment_status":"closed","ping_status":"closed","template":"","meta":{"_seopress_robots_primary_cat":"","footnotes":""},"class_list":["post-25681","page","type-page","status-publish","has-post-thumbnail","hentry"],"_links":{"self":[{"href":"https:\/\/holdingbci.com\/index.php\/wp-json\/wp\/v2\/pages\/25681","targetHints":{"allow":["GET"]}}],"collection":[{"href":"https:\/\/holdingbci.com\/index.php\/wp-json\/wp\/v2\/pages"}],"about":[{"href":"https:\/\/holdingbci.com\/index.php\/wp-json\/wp\/v2\/types\/page"}],"author":[{"embeddable":true,"href":"https:\/\/holdingbci.com\/index.php\/wp-json\/wp\/v2\/users\/1"}],"replies":[{"embeddable":true,"href":"https:\/\/holdingbci.com\/index.php\/wp-json\/wp\/v2\/comments?post=25681"}],"version-history":[{"count":1400,"href":"https:\/\/holdingbci.com\/index.php\/wp-json\/wp\/v2\/pages\/25681\/revisions"}],"predecessor-version":[{"id":29936,"href":"https:\/\/holdingbci.com\/index.php\/wp-json\/wp\/v2\/pages\/25681\/revisions\/29936"}],"wp:featuredmedia":[{"embeddable":true,"href":"https:\/\/holdingbci.com\/index.php\/wp-json\/wp\/v2\/media\/28795"}],"wp:attachment":[{"href":"https:\/\/holdingbci.com\/index.php\/wp-json\/wp\/v2\/media?parent=25681"}],"curies":[{"name":"wp","href":"https:\/\/api.w.org\/{rel}","templated":true}]}}